{"id":9259,"date":"2025-03-25T13:07:12","date_gmt":"2025-03-25T13:07:12","guid":{"rendered":"https:\/\/markkah.com\/?post_type=product&#038;p=9259"},"modified":"2025-08-25T05:03:28","modified_gmt":"2025-08-25T05:03:28","slug":"arsenale-40-6221502c","status":"publish","type":"product","link":"https:\/\/markkah.com\/ar\/\u0627\u0644\u0633\u0648\u0642\/arsenale-40-6221502c\/","title":{"rendered":"Venezianico Arsenale 40 &#8211; 6221502C"},"content":{"rendered":"<p>CASE MATERIAL: 316L Stainless Steel<br \/>\nDIMENSIONS: \u00d840 mm, lug-to-lug 44.00 mm<br \/>\nTHICKNESS: 8.95mm, including crystal<br \/>\nDIAL: Vertical C\u00f4tes de Gen\u00e8ve finish<br \/>\nMOVEMENT: Miyota 9029 Automatic<br \/>\nCRYSTAL: Sapphire with anti-reflective coating<br \/>\nBEZEL: 316L Stainless Steel<br \/>\nWATER RESISTANCE: 50 meters<br \/>\nBRACELET: Canova Concept\u2122<\/p>\n","protected":false},"excerpt":{"rendered":"<p>Deep Ocean Blue, Vertical C\u00f4tes de Gen\u00e8ve Dial, Size \u00d840mm<\/p>\n","protected":false},"featured_media":9260,"comment_status":"open","ping_status":"closed","template":"","meta":{"nf_dc_page":""},"product_cat":[317,103],"product_tag":[272],"giftcard-category":[],"class_list":{"0":"post-9259","1":"product","2":"type-product","3":"status-publish","4":"has-post-thumbnail","6":"product_cat-venezianico","7":"product_cat-watches","8":"product_tag-venezianico","9":"pa_brand-venezianico","11":"first","12":"instock","13":"featured","14":"taxable","15":"shipping-taxable","16":"purchasable","17":"product-type-simple","18":"add-to-wishlist-after_add_to_cart"},"yoast_head":"<!-- This site is optimized with the Yoast SEO Premium plugin v22.6 (Yoast SEO v27.5) - https:\/\/yoast.com\/product\/yoast-seo-premium-wordpress\/ -->\n<title>Venezianico Arsenale 40 - 6221502C - \u0645\u0631\u062d\u0628\u064b\u0627<\/title>\n<meta name=\"robots\" content=\"index, follow, max-snippet:-1, max-image-preview:large, max-video-preview:-1\" \/>\n<link rel=\"canonical\" href=\"https:\/\/markkah.com\/ar\/\u0627\u0644\u0633\u0648\u0642\/arsenale-40-6221502c\/\" \/>\n<meta property=\"og:locale\" content=\"ar_AR\" \/>\n<meta property=\"og:type\" content=\"article\" \/>\n<meta property=\"og:title\" content=\"Venezianico Arsenale 40 - 6221502C\" \/>\n<meta property=\"og:description\" content=\"Deep Ocean Blue, Vertical C\u00f4tes de Gen\u00e8ve Dial, Size \u00d840mm\" \/>\n<meta property=\"og:url\" content=\"https:\/\/markkah.com\/ar\/\u0627\u0644\u0633\u0648\u0642\/arsenale-40-6221502c\/\" \/>\n<meta property=\"og:site_name\" content=\"\u0645\u0631\u062d\u0628\u064b\u0627\" \/>\n<meta property=\"article:modified_time\" content=\"2025-08-25T05:03:28+00:00\" \/>\n<meta property=\"og:image\" content=\"https:\/\/markkah.com\/wp-content\/uploads\/2025\/03\/48_Arsenale_Packshot_1_2f215754-1077-48b2-b1e7-f9095354e0c3_5000x.png.webp\" \/>\n\t<meta property=\"og:image:width\" content=\"2000\" \/>\n\t<meta property=\"og:image:height\" content=\"2000\" \/>\n\t<meta property=\"og:image:type\" content=\"image\/webp\" \/>\n<meta name=\"twitter:card\" content=\"summary_large_image\" \/>\n<meta name=\"twitter:label1\" content=\"\u0648\u0642\u062a \u0627\u0644\u0642\u0631\u0627\u0621\u0629 \u0627\u0644\u0645\u064f\u0642\u062f\u0651\u0631\" \/>\n\t<meta name=\"twitter:data1\" content=\"1 \u062f\u0642\u064a\u0642\u0629\" \/>\n<script type=\"application\/ld+json\" class=\"yoast-schema-graph\">{\"@context\":\"https:\\\/\\\/schema.org\",\"@graph\":[{\"@type\":\"WebPage\",\"@id\":\"https:\\\/\\\/markkah.com\\\/ar\\\/\u0627\u0644\u0633\u0648\u0642\\\/arsenale-40-6221502c\\\/\",\"url\":\"https:\\\/\\\/markkah.com\\\/ar\\\/\u0627\u0644\u0633\u0648\u0642\\\/arsenale-40-6221502c\\\/\",\"name\":\"Venezianico Arsenale 40 - 6221502C - \u0645\u0631\u062d\u0628\u064b\u0627\",\"isPartOf\":{\"@id\":\"https:\\\/\\\/cgk.hju.mybluehost.me\\\/#website\"},\"primaryImageOfPage\":{\"@id\":\"https:\\\/\\\/markkah.com\\\/ar\\\/\u0627\u0644\u0633\u0648\u0642\\\/arsenale-40-6221502c\\\/#primaryimage\"},\"image\":{\"@id\":\"https:\\\/\\\/markkah.com\\\/ar\\\/\u0627\u0644\u0633\u0648\u0642\\\/arsenale-40-6221502c\\\/#primaryimage\"},\"thumbnailUrl\":\"https:\\\/\\\/i0.wp.com\\\/markkah.com\\\/wp-content\\\/uploads\\\/2025\\\/03\\\/48_Arsenale_Packshot_1_2f215754-1077-48b2-b1e7-f9095354e0c3_5000x.png.webp?fit=2000%2C2000&ssl=1\",\"datePublished\":\"2025-03-25T13:07:12+00:00\",\"dateModified\":\"2025-08-25T05:03:28+00:00\",\"breadcrumb\":{\"@id\":\"https:\\\/\\\/markkah.com\\\/ar\\\/\u0627\u0644\u0633\u0648\u0642\\\/arsenale-40-6221502c\\\/#breadcrumb\"},\"inLanguage\":\"ar\",\"potentialAction\":[{\"@type\":\"ReadAction\",\"target\":[\"https:\\\/\\\/markkah.com\\\/ar\\\/\u0627\u0644\u0633\u0648\u0642\\\/arsenale-40-6221502c\\\/\"]}]},{\"@type\":\"ImageObject\",\"inLanguage\":\"ar\",\"@id\":\"https:\\\/\\\/markkah.com\\\/ar\\\/\u0627\u0644\u0633\u0648\u0642\\\/arsenale-40-6221502c\\\/#primaryimage\",\"url\":\"https:\\\/\\\/i0.wp.com\\\/markkah.com\\\/wp-content\\\/uploads\\\/2025\\\/03\\\/48_Arsenale_Packshot_1_2f215754-1077-48b2-b1e7-f9095354e0c3_5000x.png.webp?fit=2000%2C2000&ssl=1\",\"contentUrl\":\"https:\\\/\\\/i0.wp.com\\\/markkah.com\\\/wp-content\\\/uploads\\\/2025\\\/03\\\/48_Arsenale_Packshot_1_2f215754-1077-48b2-b1e7-f9095354e0c3_5000x.png.webp?fit=2000%2C2000&ssl=1\",\"width\":2000,\"height\":2000},{\"@type\":\"BreadcrumbList\",\"@id\":\"https:\\\/\\\/markkah.com\\\/ar\\\/\u0627\u0644\u0633\u0648\u0642\\\/arsenale-40-6221502c\\\/#breadcrumb\",\"itemListElement\":[{\"@type\":\"ListItem\",\"position\":1,\"name\":\"\u0627\u0644\u0631\u0626\u064a\u0633\u064a\u0629\",\"item\":\"https:\\\/\\\/markkah.com\\\/ar\\\/\"},{\"@type\":\"ListItem\",\"position\":2,\"name\":\"\u0627\u0644\u0633\u0648\u0642\",\"item\":\"https:\\\/\\\/markkah.com\\\/ar\\\/%d8%a7%d9%84%d8%b3%d9%88%d9%82\\\/\"},{\"@type\":\"ListItem\",\"position\":3,\"name\":\"Venezianico Arsenale 40 &#8211; 6221502C\"}]},{\"@type\":\"WebSite\",\"@id\":\"https:\\\/\\\/cgk.hju.mybluehost.me\\\/#website\",\"url\":\"https:\\\/\\\/cgk.hju.mybluehost.me\\\/\",\"name\":\"Markkah\",\"description\":\"\",\"potentialAction\":[{\"@type\":\"SearchAction\",\"target\":{\"@type\":\"EntryPoint\",\"urlTemplate\":\"https:\\\/\\\/cgk.hju.mybluehost.me\\\/?s={search_term_string}\"},\"query-input\":{\"@type\":\"PropertyValueSpecification\",\"valueRequired\":true,\"valueName\":\"search_term_string\"}}],\"inLanguage\":\"ar\"}]}<\/script>\n<!-- \/ Yoast SEO Premium plugin. -->","yoast_head_json":{"title":"Venezianico Arsenale 40 - 6221502C - \u0645\u0631\u062d\u0628\u064b\u0627","robots":{"index":"index","follow":"follow","max-snippet":"max-snippet:-1","max-image-preview":"max-image-preview:large","max-video-preview":"max-video-preview:-1"},"canonical":"https:\/\/markkah.com\/ar\/\u0627\u0644\u0633\u0648\u0642\/arsenale-40-6221502c\/","og_locale":"ar_AR","og_type":"article","og_title":"Venezianico Arsenale 40 - 6221502C","og_description":"Deep Ocean Blue, Vertical C\u00f4tes de Gen\u00e8ve Dial, Size \u00d840mm","og_url":"https:\/\/markkah.com\/ar\/\u0627\u0644\u0633\u0648\u0642\/arsenale-40-6221502c\/","og_site_name":"\u0645\u0631\u062d\u0628\u064b\u0627","article_modified_time":"2025-08-25T05:03:28+00:00","og_image":[{"width":2000,"height":2000,"url":"https:\/\/markkah.com\/wp-content\/uploads\/2025\/03\/48_Arsenale_Packshot_1_2f215754-1077-48b2-b1e7-f9095354e0c3_5000x.png.webp","type":"image\/webp"}],"twitter_card":"summary_large_image","twitter_misc":{"\u0648\u0642\u062a \u0627\u0644\u0642\u0631\u0627\u0621\u0629 \u0627\u0644\u0645\u064f\u0642\u062f\u0651\u0631":"1 \u062f\u0642\u064a\u0642\u0629"},"schema":{"@context":"https:\/\/schema.org","@graph":[{"@type":"WebPage","@id":"https:\/\/markkah.com\/ar\/\u0627\u0644\u0633\u0648\u0642\/arsenale-40-6221502c\/","url":"https:\/\/markkah.com\/ar\/\u0627\u0644\u0633\u0648\u0642\/arsenale-40-6221502c\/","name":"Venezianico Arsenale 40 - 6221502C - \u0645\u0631\u062d\u0628\u064b\u0627","isPartOf":{"@id":"https:\/\/cgk.hju.mybluehost.me\/#website"},"primaryImageOfPage":{"@id":"https:\/\/markkah.com\/ar\/\u0627\u0644\u0633\u0648\u0642\/arsenale-40-6221502c\/#primaryimage"},"image":{"@id":"https:\/\/markkah.com\/ar\/\u0627\u0644\u0633\u0648\u0642\/arsenale-40-6221502c\/#primaryimage"},"thumbnailUrl":"https:\/\/i0.wp.com\/markkah.com\/wp-content\/uploads\/2025\/03\/48_Arsenale_Packshot_1_2f215754-1077-48b2-b1e7-f9095354e0c3_5000x.png.webp?fit=2000%2C2000&ssl=1","datePublished":"2025-03-25T13:07:12+00:00","dateModified":"2025-08-25T05:03:28+00:00","breadcrumb":{"@id":"https:\/\/markkah.com\/ar\/\u0627\u0644\u0633\u0648\u0642\/arsenale-40-6221502c\/#breadcrumb"},"inLanguage":"ar","potentialAction":[{"@type":"ReadAction","target":["https:\/\/markkah.com\/ar\/\u0627\u0644\u0633\u0648\u0642\/arsenale-40-6221502c\/"]}]},{"@type":"ImageObject","inLanguage":"ar","@id":"https:\/\/markkah.com\/ar\/\u0627\u0644\u0633\u0648\u0642\/arsenale-40-6221502c\/#primaryimage","url":"https:\/\/i0.wp.com\/markkah.com\/wp-content\/uploads\/2025\/03\/48_Arsenale_Packshot_1_2f215754-1077-48b2-b1e7-f9095354e0c3_5000x.png.webp?fit=2000%2C2000&ssl=1","contentUrl":"https:\/\/i0.wp.com\/markkah.com\/wp-content\/uploads\/2025\/03\/48_Arsenale_Packshot_1_2f215754-1077-48b2-b1e7-f9095354e0c3_5000x.png.webp?fit=2000%2C2000&ssl=1","width":2000,"height":2000},{"@type":"BreadcrumbList","@id":"https:\/\/markkah.com\/ar\/\u0627\u0644\u0633\u0648\u0642\/arsenale-40-6221502c\/#breadcrumb","itemListElement":[{"@type":"ListItem","position":1,"name":"\u0627\u0644\u0631\u0626\u064a\u0633\u064a\u0629","item":"https:\/\/markkah.com\/ar\/"},{"@type":"ListItem","position":2,"name":"\u0627\u0644\u0633\u0648\u0642","item":"https:\/\/markkah.com\/ar\/%d8%a7%d9%84%d8%b3%d9%88%d9%82\/"},{"@type":"ListItem","position":3,"name":"Venezianico Arsenale 40 &#8211; 6221502C"}]},{"@type":"WebSite","@id":"https:\/\/cgk.hju.mybluehost.me\/#website","url":"https:\/\/cgk.hju.mybluehost.me\/","name":"Markkah","description":"","potentialAction":[{"@type":"SearchAction","target":{"@type":"EntryPoint","urlTemplate":"https:\/\/cgk.hju.mybluehost.me\/?s={search_term_string}"},"query-input":{"@type":"PropertyValueSpecification","valueRequired":true,"valueName":"search_term_string"}}],"inLanguage":"ar"}]}},"jetpack_sharing_enabled":true,"_links":{"self":[{"href":"https:\/\/markkah.com\/ar\/wp-json\/wp\/v2\/product\/9259","targetHints":{"allow":["GET"]}}],"collection":[{"href":"https:\/\/markkah.com\/ar\/wp-json\/wp\/v2\/product"}],"about":[{"href":"https:\/\/markkah.com\/ar\/wp-json\/wp\/v2\/types\/product"}],"replies":[{"embeddable":true,"href":"https:\/\/markkah.com\/ar\/wp-json\/wp\/v2\/comments?post=9259"}],"version-history":[{"count":0,"href":"https:\/\/markkah.com\/ar\/wp-json\/wp\/v2\/product\/9259\/revisions"}],"wp:featuredmedia":[{"embeddable":true,"href":"https:\/\/markkah.com\/ar\/wp-json\/wp\/v2\/media\/9260"}],"wp:attachment":[{"href":"https:\/\/markkah.com\/ar\/wp-json\/wp\/v2\/media?parent=9259"}],"wp:term":[{"taxonomy":"product_cat","embeddable":true,"href":"https:\/\/markkah.com\/ar\/wp-json\/wp\/v2\/product_cat?post=9259"},{"taxonomy":"product_tag","embeddable":true,"href":"https:\/\/markkah.com\/ar\/wp-json\/wp\/v2\/product_tag?post=9259"},{"taxonomy":"giftcard-category","embeddable":true,"href":"https:\/\/markkah.com\/ar\/wp-json\/wp\/v2\/giftcard-category?post=9259"}],"curies":[{"name":"wp","href":"https:\/\/api.w.org\/{rel}","templated":true}]}}